{"id":13,"date":"2024-07-16T15:00:26","date_gmt":"2024-07-16T13:00:26","guid":{"rendered":"http:\/\/jost.pro\/?page_id=13"},"modified":"2025-10-22T22:02:39","modified_gmt":"2025-10-22T20:02:39","slug":"behandlungen","status":"publish","type":"page","link":"http:\/\/jost.pro\/fr\/behandlungen\/","title":{"rendered":"Traitements"},"content":{"rendered":"<section class=\"hero-section section\">\n\n    <div class=\"section-inner page-title\">\n\n        <div class=\"wrapper-full\">\n\n            <div class=\"grid-row spaced-xlarge vertical-bottom-align\">\n\n                                                            <div class=\"col-2\">\n                        <\/div>\n                        <div class=\"col-8\">\n                            <h1 class=\"h1 pagetitle\"><strong>Diversit\u00e9 des th\u00e9rapies pour votre sant\u00e9<\/strong><\/h1>                        <\/div>\n                                                    \n            <\/div>\n\n        <\/div>\n\n\n\n        \n    <\/div>\n\n<\/section>\n\n\n\n\n<section id=\"section-physio\" class=\"details-section section\">\n\n    <div class=\"section-inner\">\n\n        <div class=\"wrapper-full\">\n\n            <div class=\"grid-row spaced-medium grid-devided\">\n\n                <div class=\"col-2 arrow-col\">\n                    <div class=\"details-arrow\">\n                        <?xml version=\"1.0\" encoding=\"UTF-8\"?>\n<svg id=\"Ebene_1\" data-name=\"Ebene 1\" xmlns=\"http:\/\/www.w3.org\/2000\/svg\" version=\"1.1\" viewbox=\"0 0 180.8 180.6\" fill=\"currentColor\">\n  <path d=\"M121.4,146.6c-1.6,0-3.2-.6-4.4-1.8-2.5-2.5-2.5-6.4,0-8.9l39.5-39.5H8.3c-3.5,0-6.3-2.8-6.3-6.3s2.8-6.3,6.3-6.3h148.1l-39.5-39.5c-2.5-2.5-2.5-6.4,0-8.9,2.5-2.5,6.4-2.5,8.9,0l50.2,50.2s0,0,.1.1h0s0,0,0,0h0c.5.6.9,1.2,1.2,1.9.3.7.5,1.4.5,2.2h0v.3h0c0,.8-.2,1.6-.5,2.2-.3.7-.7,1.3-1.2,1.9h0s0,0,0,0h0s0,0-.1.1l-50.2,50.2c-1.2,1.2-2.8,1.8-4.4,1.8Z\"\/>\n<\/svg>                    <\/div>\n                <\/div>\n\n                <div class=\"col-10 text-col\">\n                    <div class=\"grid-row spaced-xlarge\">\n\n                    <div class=\"col-5 title-col\">\n                        \n    <h3 class=\"h3 detail-title\">\n                    Kinesith\u00e9rapie            <\/h3>\n                        \n<div class=\"fs-media fs-media-ratio-4-3 sm-ratio- rounded-corners\">\n    <div class=\"fs-media-item\">\n        <img src=\"http:\/\/jost.pro\/wp-content\/uploads\/2024\/09\/physiotherapy-512x382.webp\" srcset=\"http:\/\/jost.pro\/wp-content\/uploads\/2024\/09\/physiotherapy-512x382.webp 512w\"  width=\"512\" height=\"382\" alt=\"physiotherapy\" decoding=\"async\" loading=\"lazy\" >    <\/div>\n\n    \n<\/div>\n                    <\/div>\n\n                    <div class=\"col-7 editor-content\">\n                        <p><strong>En tant que m\u00e9thode de gu\u00e9rison naturelle, la kin\u00e9sith\u00e9rapie fait appel \u00e0 une multitude de techniques.  Nous travaillons principalement manuellement et essayons de traiter le patient individuellement de mani\u00e8re adapt\u00e9e. Il s'agit de traiter les sympt\u00f4mes : R\u00e9duire et \u00e9liminer la douleur, minimiser les gonflements, retrouver la mobilit\u00e9, l'\u00e9quilibre, la sensibilit\u00e9 et la force, et r\u00e9duire les tensions.<\/strong><\/p>\n<p><strong>Domaines d'application classiques :<\/strong><\/p>\n<ul>\n<li>Massages<\/li>\n<li>Drainage lymphatique manuel<\/li>\n<li>Kin\u00e9sith\u00e9rapie dans le domaine de l'orthop\u00e9die\/traumatologie, de la neurologie et du sport<\/li>\n<li>Th\u00e9rapie par le mouvement avec et sans r\u00e9sistance\/poids<\/li>\n<li>Mobilisation\/manipulation des muscles, des articulations, des fascias...<\/li>\n<li>Enseignement d'exercices personnels (\u00e9tirements, massages...)<\/li>\n<li>Ultrasons, \u00e9lectroth\u00e9rapie et th\u00e9rapie par ondes de choc<\/li>\n<li>Th\u00e9rapie par la chaleur et le froid<\/li>\n<li>Taping (kin\u00e9sio et leuco)<\/li>\n<li>\u00c9cole du dos<\/li>\n<li>Th\u00e9rapie respiratoire (p. ex. clapping)<\/li>\n<\/ul>\n<p><strong>Domaines d'application sp\u00e9cifiques :<\/strong><\/p>\n<ul>\n<li>G\u00e9riatrie<\/li>\n<li>manuelle Therapie<\/li>\n<li>Stimulation myofonctionnelle en orthodontie<\/li>\n<li>Kin\u00e9sith\u00e9rapie en cas de probl\u00e8mes d'articulation temporo-mandibulaire (CMD)<\/li>\n<li>Kin\u00e9sith\u00e9rapie pour les troubles vestibulaires (vertiges)<\/li>\n<li>Crochetage<\/li>\n<li>Hypnose adapt\u00e9e \u00e0 la kin\u00e9sith\u00e9rapie<\/li>\n<li>Mamimovelux: \n<a class=\"link-item\" href=\"https:\/\/www.instagram.com\/mamimovelux\/\" target=\"_blank\">\n    <span class=\"link-item-img\">\n        <img decoding=\"async\" src=\"http:\/\/jost.pro\/wp-content\/themes\/fstheme\/assets\/img\/mamimove.jpg\" alt=\"Mamimove\">\n    <\/span>\n    <span class=\"link-item-info\">\n        <div class=\"link-item-info-title\">mamimove<\/div>\n    <\/span>\n<\/a>\n\n\n<ul>\n<li>Physioth\u00e9rapie chez les m\u00e8res allaitantes<\/li>\n<li>Th\u00e9rapie manuelle p\u00e9diatrique<\/li>\n<li>D\u00e9tection, rapport et traitement kin\u00e9sith\u00e9rapeutique en cas de frein de langue trop court<\/li>\n<li>Kin\u00e9sith\u00e9rapie pr\u00e9-accouchement<\/li>\n<li>kin\u00e9sith\u00e9rapie pr\u00e9- et postnatale<\/li>\n<li>Traitements du plancher pelvien avec et sans sonde (\u00e9lectroth\u00e9rapie avec myofeedback)<\/li>\n<\/ul>\n<\/li>\n<\/ul>\n<p>La kin\u00e9sith\u00e9rapie est propos\u00e9e sur les trois sites et nous proposons \u00e9galement des visites \u00e0 domicile. En tant que kin\u00e9sith\u00e9rapeutes externes, nous traitons dans les maisons de retraite\/de soins suivantes :<\/p>\n\n<div class=\"extern-item\">\n    <a href=\"https:\/\/hppa.lu\/\" target=\"_blank\"class=\"hppa-logo\">\n        <?xml version=\"1.0\" encoding=\"utf-8\"?>\n<!-- Generator: Adobe Illustrator 29.8.2, SVG Export Plug-In . SVG Version: 9.03 Build 0)  -->\n<svg version=\"1.1\" id=\"Ebene_1\" xmlns=\"http:\/\/www.w3.org\/2000\/svg\" xmlns:xlink=\"http:\/\/www.w3.org\/1999\/xlink\" x=\"0px\" y=\"0px\"\n\t viewbox=\"0 0 109.2 105\" enable-background=\"new 0 0 109.2 105\" xml:space=\"preserve\">\n<path class=\"hppa-purple\" d=\"M36.51,43.31H0.4V25.46c0-9.94,8.11-18.02,18.15-18.02h17.97V43.31z\"\/>\n<path class=\"hppa-green-dark\" d=\"M72.69,7.44h36.11v17.84c0,9.94-8.11,18.02-18.15,18.02H72.69V7.44z\"\/>\n<path class=\"hppa-green-light\" d=\"M72.75,43.25H54.78c-10.04,0-18.21,8.02-18.21,17.96V97.5h17.97c10.04,0,18.21-8.08,18.21-18.02V43.19V43.25z\"\/>\n<path class=\"hppa-yellow\" d=\"M72.69,7.44v35.87H54.72c-10.04,0-18.21,8.08-18.21,18.02V7.44L72.69,7.44z\"\/>\n<path class=\"hppa-orange\" d=\"M107.65,86c0,6.35-5.2,11.56-11.67,11.56c-6.47,0-11.68-5.15-11.68-11.56c0-6.41,5.2-11.56,11.68-11.56\tC102.45,74.45,107.65,79.6,107.65,86z\"\/>\n<\/svg>\n    <\/a>\n    <div class=\"extern-info\">\n        <div class=\"h5\">Groupe HPPA<\/div>\n        <small>Grevenmacher, Clerveaux, Redange, Mersch<\/small>   \n    <\/div>\n<\/div>\n\n<div class=\"extern-item\">\n    <a href=\"https:\/\/servior.lu\/\" target=\"_blank\"class=\"servior-logo\">\n        <svg xmlns=\"http:\/\/www.w3.org\/2000\/svg\" version=\"1.1\" viewbox=\"0 0 1213 1420\">\n      <path class=\"servior-red\" d=\"M1167.3,975.4c-2.4-3-4-4.4-5-6.3-36.6-66.7-88.5-119.6-149.1-164.4-14.4-10.7-29.7-20.2-44.7-30.1-2.5-1.7-5.2-4.7-10-.9,1.7,2.8,3.4,5.8,5.4,8.6,32.4,45,60.6,92.4,83.9,142.6,21.9,47.3,39.1,96.1,47.7,147.6,2,12.1,3.6,24.4,4.6,36.6.4,4.7-.4,10.1-2.4,14.4-57.6,125.6-151.1,207.8-287.9,237.6-3.2.7-6.6.9-9.9,1.3-.6,0-1.2-.5-3-1.3,14.7-45.1,23.9-91.6,26.6-139.1,3.9-67.9.9-127.9-6.8-141.4-1.4,2.1-3.3,3.6-3.6,5.4-18.8,100.9-72.3,182.7-141.3,255.9-13.2,14-27.8,26.8-41.5,40.5-4.9,4.9-10.2,6.5-17,6.2-72.1-3.7-141.7-18.6-208.2-47.1-32.2-13.8-63.3-29.6-92.7-48.7-3-1.9-5.8-4.1-9.7-7,4.2-3,7.3-5.3,10.5-7.6,59.3-41.4,113.5-88.4,159.1-144.7,28-34.6,51.5-72,66.3-114.3,7-19.9,11.6-40.2,13-61.3.2-3.2,0-6.4,0-9.4-6.1-1.9-7.4,2.5-9.4,5.2-16.8,21.3-36,40.1-57.2,57-46.1,36.6-97.9,63-153.3,82-12.3,4.2-26.2,3.9-39.4,5.3-24.5,2.6-49,4.9-73.5,7.3-22.2,2.2-44.4,4.4-66.6,6.6-2.6.3-5.2,0-8.5,0-11.4-35.4-22.7-70.5-34.2-106.2,3.1-2.3,5.9-4.5,8.9-6.5,24.5-16.6,49.1-33.2,73.7-49.8,2.9-2,5.6-4.2,8.5-6.4-2.8-5.3-6.7-4.3-10.1-4.4-25.3-.2-50.6-.3-76-.6-11.7-.1-23.3-.8-35-.7-5.2,0-7.7-2.3-9.3-6.9-17.6-49.9-35.2-99.7-53.2-149.4-2.3-6.4.6-9,4.8-12.2,38.4-29.3,76.7-58.7,115.1-88,21.9-16.8,43.8-33.7,65.9-50.3,4.9-3.7,7.5-8,8.6-13.9,2.5-13.4,5.2-26.8,8-40.1,7.5-34.6,26.5-61.3,56.4-80.2,29.9-18.8,59.9-37.3,89.8-56,15.3-9.5,17.9-15.6,14.4-33.2-7.8-39.1-15.8-78.2-23.6-117.4-.7-3.5-.9-7.1-1.5-11.7,4.5-.2,8.1-.5,11.7-.5,128.3,0,256.6-.1,384.9.2,8.8,0,17.8,2,26.4,4.3,91.4,24.2,173.1,66.4,242.2,131.5,21.2,19.9,39.7,42.1,55,67,1.4,2.3,2.7,4.6,3.9,7,.4.8.2,1.9.5,4.4-74.1-32.2-150.3-36.5-229-25.3,1.3,6.7,5.4,6.8,8.6,7.9,24.2,8.5,48.5,16.5,72.4,25.6,53.2,20.4,105,43.9,153.1,74.7,21.7,13.9,42,29.3,60.1,47.7,6,6.1,10.2,12.7,12.7,21,12.5,40.4,23.8,81.1,28.1,123.3,1.9,18.8,1.2,37.9,1.1,56.8-.2,47.4-5.2,94.3-16.1,140.5-.8,3.4-1.9,6.8-3.4,11.7ZM257.4,669.4c3.8,3.8,7.6,2,10.9,1.3,34.1-7.2,68.1-14.6,102.2-22,2.6-.6,5.3-1.2,7.5-2.4,5.9-3.2,6.4-10.8,1-14.9-1.6-1.2-3.5-1.9-5.3-2.6-24.3-9-48.6-17.9-72.9-26.8-2.6-.9-5.4-1.2-8.8-1.9-1.9,10.1-3.7,18.8-5.1,27.6-1.8,10.9-6.4,20.2-15,27.3-3.6,3-7.1,6-10.5,9.2-1.5,1.5-2.6,3.4-3.9,5.2Z\"\/>\n      <path class=\"servior-yellow\" d=\"M299 61 341 226 761.6 226 811.3 61 631 124 555.2 15.8 481.5 120.9 299 61z\"\/>\n<\/svg>    <\/a>\n    <div class=\"extern-info\">\n        <div class=\"h5\">Groupe Servior<\/div>\n        <small>Bofferdange<\/small>   \n    <\/div>\n<\/div>\n\n\n                    <\/div>\n                <\/div>\n                \n            <\/div>\n\n        <\/div>\n\n    <\/div>\n\n<\/section>\n\n\n\n\n<section id=\"section-ostheo\" class=\"details-section section\">\n\n    <div class=\"section-inner\">\n\n        <div class=\"wrapper-full\">\n\n            <div class=\"grid-row spaced-medium grid-devided\">\n\n                <div class=\"col-2 arrow-col\">\n                    <div class=\"details-arrow\">\n                        <?xml version=\"1.0\" encoding=\"UTF-8\"?>\n<svg id=\"Ebene_1\" data-name=\"Ebene 1\" xmlns=\"http:\/\/www.w3.org\/2000\/svg\" version=\"1.1\" viewbox=\"0 0 180.8 180.6\" fill=\"currentColor\">\n  <path d=\"M121.4,146.6c-1.6,0-3.2-.6-4.4-1.8-2.5-2.5-2.5-6.4,0-8.9l39.5-39.5H8.3c-3.5,0-6.3-2.8-6.3-6.3s2.8-6.3,6.3-6.3h148.1l-39.5-39.5c-2.5-2.5-2.5-6.4,0-8.9,2.5-2.5,6.4-2.5,8.9,0l50.2,50.2s0,0,.1.1h0s0,0,0,0h0c.5.6.9,1.2,1.2,1.9.3.7.5,1.4.5,2.2h0v.3h0c0,.8-.2,1.6-.5,2.2-.3.7-.7,1.3-1.2,1.9h0s0,0,0,0h0s0,0-.1.1l-50.2,50.2c-1.2,1.2-2.8,1.8-4.4,1.8Z\"\/>\n<\/svg>                    <\/div>\n                <\/div>\n\n                <div class=\"col-10 text-col\">\n                    <div class=\"grid-row spaced-xlarge\">\n\n                    <div class=\"col-5 title-col\">\n                        \n    <h3 class=\"h3 detail-title\">\n                    Ost\u00e9opathie            <\/h3>\n                        \n<div class=\"fs-media fs-media-ratio-4-3 sm-ratio- rounded-corners\">\n    <div class=\"fs-media-item\">\n        <img src=\"http:\/\/jost.pro\/wp-content\/uploads\/2025\/10\/osteopathie-512x384.webp\" srcset=\"http:\/\/jost.pro\/wp-content\/uploads\/2025\/10\/osteopathie-512x384.webp 512w\"  width=\"512\" height=\"384\" alt=\"osteopathie\" decoding=\"async\" loading=\"lazy\" >    <\/div>\n\n    \n<\/div>\n                    <\/div>\n\n                    <div class=\"col-7 editor-content\">\n                        <p><strong>L'ost\u00e9opathie est une forme holistique de m\u00e9decine alternative bas\u00e9e sur le traitement manuel du corps. Elle vise \u00e0 cerner l'origine des sympt\u00f4mes, puis \u00e0 optimiser la structure et les fonctions du corps par des techniques douces, des mobilisations et, le cas \u00e9ch\u00e9ant, des manipulations, afin de stimuler les forces d'autogu\u00e9rison du corps.<\/strong><\/p>\n<p><strong>Domaines d'application:<\/strong><\/p>\n<ul>\n<li>Maux de dos<\/li>\n<li>Douleurs articulaires<\/li>\n<li>Maux de t\u00eate, vertiges<\/li>\n<li>Certaines irradiations dans les bras et les jambes<\/li>\n<li>Probl\u00e8mes de digestion et d'\u00e9limination, troubles du sommeil<\/li>\n<li>Nouveau-n\u00e9s, enfants en bas \u00e2ge, femmes enceintes et jeunes m\u00e8res<\/li>\n<li>De la naissance \u00e0 l'\u00e2ge adulte<\/li>\n<li>Probl\u00e8mes respiratoires<\/li>\n<li>Probl\u00e8mes d'articulation de la m\u00e2choire<\/li>\n<li>Scolioses fonctionnelles<\/li>\n<li>etc.<\/li>\n<\/ul>\n                    <\/div>\n                <\/div>\n                \n            <\/div>\n\n        <\/div>\n\n    <\/div>\n\n<\/section>","protected":false},"excerpt":{"rendered":"","protected":false},"author":1,"featured_media":0,"parent":0,"menu_order":0,"comment_status":"closed","ping_status":"closed","template":"","meta":{"footnotes":""},"class_list":["post-13","page","type-page","status-publish","hentry"],"acf":[],"_links":{"self":[{"href":"http:\/\/jost.pro\/fr\/wp-json\/wp\/v2\/pages\/13","targetHints":{"allow":["GET"]}}],"collection":[{"href":"http:\/\/jost.pro\/fr\/wp-json\/wp\/v2\/pages"}],"about":[{"href":"http:\/\/jost.pro\/fr\/wp-json\/wp\/v2\/types\/page"}],"author":[{"embeddable":true,"href":"http:\/\/jost.pro\/fr\/wp-json\/wp\/v2\/users\/1"}],"replies":[{"embeddable":true,"href":"http:\/\/jost.pro\/fr\/wp-json\/wp\/v2\/comments?post=13"}],"version-history":[{"count":34,"href":"http:\/\/jost.pro\/fr\/wp-json\/wp\/v2\/pages\/13\/revisions"}],"predecessor-version":[{"id":427,"href":"http:\/\/jost.pro\/fr\/wp-json\/wp\/v2\/pages\/13\/revisions\/427"}],"wp:attachment":[{"href":"http:\/\/jost.pro\/fr\/wp-json\/wp\/v2\/media?parent=13"}],"curies":[{"name":"wp","href":"https:\/\/api.w.org\/{rel}","templated":true}]}}