{"id":241,"date":"2024-07-25T10:14:56","date_gmt":"2024-07-25T08:14:56","guid":{"rendered":"http:\/\/jost.pro\/?page_id=241"},"modified":"2024-09-06T13:43:54","modified_gmt":"2024-09-06T11:43:54","slug":"termin-vereinbaren","status":"publish","type":"page","link":"http:\/\/jost.pro\/fr\/termin-vereinbaren\/","title":{"rendered":"Prendre rendez-vous"},"content":{"rendered":"<section class=\"hero-section section\">\n\n    <div class=\"section-inner page-title\">\n\n        <div class=\"wrapper-small\">\n\n            <div class=\"grid-row spaced-xlarge vertical-bottom-align\">\n\n                                    <div class=\"col-12\">\n                        <h1 class=\"h1 pagetitle\"><strong>Contactez-nous<\/strong><\/h1>                        <p>Vous avez des questions sur nos traitements ou vous souhaitez prendre rendez-vous ? Utilisez notre formulaire ou appelez-nous.<\/p>\n<p class=\"call-us\">\n                    <strong>Num\u00e9ro de t\u00e9l\u00e9phone<\/strong><br \/>\n                    <span class=\"h4 phone colored\"><strong>+352 26 88 72 78<\/strong><\/span>\n                <\/p>\n                    <\/div>\n                                \n            <\/div>\n\n        <\/div>\n\n\n\n        \n    <\/div>\n\n<\/section>\n\n\n\n\n<section class=\"shortcode-section section\">\n\n    <div class=\"section-inner page-title\">\n\n        <div class=\"wrapper-small\">\n            \n<div class=\"wpcf7 no-js\" id=\"wpcf7-f21-o1\" lang=\"de-DE\" dir=\"ltr\">\n<div class=\"screen-reader-response\"><p role=\"status\" aria-live=\"polite\" aria-atomic=\"true\"><\/p> <ul><\/ul><\/div>\n<form action=\"\/wp-json\/wp\/v2\/pages\/241\" method=\"post\" class=\"wpcf7-form init\" aria-label=\"Kontaktformular\" novalidate=\"novalidate\" data-status=\"init\" data-trp-original-action=\"\/fr\/wp-json\/wp\/v2\/pages\/241#wpcf7-f21-o1\">\n<div style=\"display: none;\">\n<input type=\"hidden\" name=\"_wpcf7\" value=\"21\" \/>\n<input type=\"hidden\" name=\"_wpcf7_version\" value=\"5.9.8\" \/>\n<input type=\"hidden\" name=\"_wpcf7_locale\" value=\"de_DE\" \/>\n<input type=\"hidden\" name=\"_wpcf7_unit_tag\" value=\"wpcf7-f21-o1\" \/>\n<input type=\"hidden\" name=\"_wpcf7_container_post\" value=\"0\" \/>\n<input type=\"hidden\" name=\"_wpcf7_posted_data_hash\" value=\"\" \/>\n<\/div>\n<div class=\"form-step-pagination\">\n  <a class=\"tab-index is-active\" href=\"#\" target=\"\" data-tab-id=\"form-step-1\">1<\/a>\n  <a class=\"tab-index\" href=\"#\" target=\"\" data-tab-id=\"form-step-2\">2<\/a>\n  <a class=\"tab-index\" href=\"#\" target=\"\" data-tab-id=\"form-step-3\">3<\/a>\n  <a class=\"tab-index\" href=\"#\" target=\"\" data-tab-id=\"form-step-4\">4<\/a>\n  <a class=\"tab-index\" href=\"#\" target=\"\" data-tab-id=\"form-step-final\">final<\/a>\n<\/div>\n\n\n<div class=\"fs-tab-group\">\n\n  <!-- step 1 -->\n  <div class=\"fs-tab-content tab-index-rel is-active\" data-tab-id=\"form-step-1\">\n    <div class=\"form-step-inner fs-tab-content-inner\">\n      <span class=\"h4 form-question\">Vous cherchez un kin\u00e9sith\u00e9rapeute\/kin\u00e9 ou un ost\u00e9opathe ?<\/span>\n      <div class=\"form-value\">\n        <span class=\"form-label\">Veuillez s\u00e9lectionner<\/span>\n        <span class=\"wpcf7-form-control-wrap\" data-name=\"form-what\"><span class=\"wpcf7-form-control wpcf7-radio custom-radio depends-val\"><span class=\"wpcf7-list-item first\"><label><input type=\"radio\" name=\"form-what\" value=\"Kinesitherapie\" checked=\"checked\" \/><span class=\"wpcf7-list-item-label\">Kinesith\u00e9rapie<\/span><\/label><\/span><span class=\"wpcf7-list-item last\"><label><input type=\"radio\" name=\"form-what\" value=\"Osteopathie\" \/><span class=\"wpcf7-list-item-label\">Ost\u00e9opathie<\/span><\/label><\/span><\/span><\/span>\n      <\/div>\n        <button class=\"next-step btn-background btn-small\">\n          <span class=\"btn-text\"><span>Continuer<\/span><span>Continuer<\/span><\/span>\n          <span class=\"btn-icon text-arrow\"><\/span>\n        <\/button>\n    <\/div>\n  <\/div>             \n\n\n  <!-- step 2 -->\n  <div class=\"fs-tab-content tab-index-rel\" data-tab-id=\"form-step-2\">\n    <div class=\"form-step-inner fs-tab-content-inner\">\n      <span class=\"h4 form-question\">Quel traitement souhaitez-vous recevoir ?<\/span>\n      <div class=\"form-value depends-on\" data-depends-on=\"form-what\" data-depends-val=\"Osteopathie\">\n        <span class=\"form-label\">Traitement (ost\u00e9opathie)<\/span>\n        <span class=\"wpcf7-form-control-wrap\" data-name=\"form-treatment-1\"><span class=\"wpcf7-form-control wpcf7-radio custom-radio\"><span class=\"wpcf7-list-item first\"><label><input type=\"radio\" name=\"form-treatment-1\" value=\"Klassich\" checked=\"checked\" \/><span class=\"wpcf7-list-item-label\">Classique<\/span><\/label><\/span><span class=\"wpcf7-list-item\"><label><input type=\"radio\" name=\"form-treatment-1\" value=\"Baby, Kleinkind, Jugend\" \/><span class=\"wpcf7-list-item-label\">B\u00e9b\u00e9, jeune enfant, adolescent<\/span><\/label><\/span><span class=\"wpcf7-list-item\"><label><input type=\"radio\" name=\"form-treatment-1\" value=\"Schwangere\" \/><span class=\"wpcf7-list-item-label\">Femmes enceintes<\/span><\/label><\/span><span class=\"wpcf7-list-item last\"><label><input type=\"radio\" name=\"form-treatment-1\" value=\"Kiefergelenk (ATM,CMD)\" \/><span class=\"wpcf7-list-item-label\">Articulation temporo-mandibulaire (ATM,CMD)<\/span><\/label><\/span><\/span><\/span>\n      <\/div>\n      <div class=\"form-value depends-on\" data-depends-on=\"form-what\" data-depends-val=\"Kinesitherapie\">\n        <span class=\"form-label\">Traitement (kin\u00e9sith\u00e9rapie)<\/span>\n        <span class=\"wpcf7-form-control-wrap\" data-name=\"form-treatment-2\"><span class=\"wpcf7-form-control wpcf7-radio custom-radio depends-val\"><span class=\"wpcf7-list-item first\"><label><input type=\"radio\" name=\"form-treatment-2\" value=\"Klassich\" checked=\"checked\" \/><span class=\"wpcf7-list-item-label\">Classique<\/span><\/label><\/span><span class=\"wpcf7-list-item\"><label><input type=\"radio\" name=\"form-treatment-2\" value=\"Hausbesuch\" \/><span class=\"wpcf7-list-item-label\">Visite \u00e0 domicile<\/span><\/label><\/span><span class=\"wpcf7-list-item\"><label><input type=\"radio\" name=\"form-treatment-2\" value=\"Lymphdrainage\" \/><span class=\"wpcf7-list-item-label\">Drainage lymphatique<\/span><\/label><\/span><span class=\"wpcf7-list-item\"><label><input type=\"radio\" name=\"form-treatment-2\" value=\"Beckenboden\" \/><span class=\"wpcf7-list-item-label\">Plancher pelvien<\/span><\/label><\/span><span class=\"wpcf7-list-item last\"><label><input type=\"radio\" name=\"form-treatment-2\" value=\"Kieferorthop\u00e4die\" \/><span class=\"wpcf7-list-item-label\">Orthodontie<\/span><\/label><\/span><\/span><\/span>\n      <\/div>\n      <button class=\"next-step btn-background btn-small\">\n        <span class=\"btn-text\"><span>Continuer<\/span><span>Continuer<\/span><\/span>\n        <span class=\"btn-icon text-arrow\"><\/span>\n      <\/button>\n      <a class=\"prev-step btn btn-simple\">\n        <span class=\"btn-text\"><span>Retour<\/span><span>Retour<\/span><\/span>\n      <\/a>\n    <\/div>\n  <\/div> \n\n  <!-- step 3 -->\n  <div class=\"fs-tab-content tab-index-rel\" data-tab-id=\"form-step-3\">\n    <div class=\"form-step-inner fs-tab-content-inner\">\n      <span class=\"h4 form-question\">Lequel de nos sites pr\u00e9f\u00e9rez-vous ?<\/span>\n      <div class=\"form-value depends-on\" data-depends-on=\"form-what,form-treatment-2\" data-depends-hide-val='[{\"val\": \"Osteopathie\", \"el\": \"Lintgen\"},{\"val\": \"Kieferorthop\u00e4die\", \"el\": \"Lintgen\"}]'>\n        <span class=\"form-label\">Site<\/span>\n        <span class=\"wpcf7-form-control-wrap\" data-name=\"form-location\"><span class=\"wpcf7-form-control wpcf7-radio custom-radio\"><span class=\"wpcf7-list-item first\"><label><input type=\"radio\" name=\"form-location\" value=\"Colmar-Berg\" checked=\"checked\" \/><span class=\"wpcf7-list-item-label\">Colmar-Berg<\/span><\/label><\/span><span class=\"wpcf7-list-item\"><label><input type=\"radio\" name=\"form-location\" value=\"Lintgen\" \/><span class=\"wpcf7-list-item-label\">Lintgen<\/span><\/label><\/span><span class=\"wpcf7-list-item last\"><label><input type=\"radio\" name=\"form-location\" value=\"Weiswampach\" \/><span class=\"wpcf7-list-item-label\">Weiswampach<\/span><\/label><\/span><\/span><\/span>\n      <\/div>\n      <button class=\"next-step btn-background btn-small\">\n        <span class=\"btn-text\"><span>Continuer<\/span><span>Continuer<\/span><\/span>\n        <span class=\"btn-icon text-arrow\"><\/span>\n      <\/button>\n      <a class=\"prev-step btn btn-simple\">\n        <span class=\"btn-text\"><span>Retour<\/span><span>Retour<\/span><\/span>\n      <\/a>\n    <\/div>\n  <\/div> \n\n  <!-- step 4 -->\n  <div class=\"fs-tab-content tab-index-rel\" data-tab-id=\"form-step-4\">\n    <div class=\"form-step-inner fs-tab-content-inner\">\n      <span class=\"h4 form-question\">Et pour finir, nous avons besoin de vos coordonn\u00e9es pour vous contacter.<\/span>\n      <div class=\"form-value\">\n        <span class=\"form-label\">Nom<\/span>\n        <span class=\"wpcf7-form-control-wrap\" data-name=\"form-name\"><input size=\"40\" maxlength=\"400\" class=\"wpcf7-form-control wpcf7-text wpcf7-validates-as-required\" aria-required=\"true\" aria-invalid=\"false\" value=\"\" type=\"text\" name=\"form-name\" \/><\/span>\n      <\/div>\n      <div class=\"form-value\">\n        <span class=\"form-label\">Num\u00e9ro de t\u00e9l\u00e9phone<\/span>\n        <span class=\"wpcf7-form-control-wrap\" data-name=\"form-phone\"><input size=\"40\" maxlength=\"400\" class=\"wpcf7-form-control wpcf7-tel wpcf7-validates-as-required wpcf7-text wpcf7-validates-as-tel\" aria-required=\"true\" aria-invalid=\"false\" value=\"\" type=\"tel\" name=\"form-phone\" \/><\/span>\n      <\/div>\n      <div class=\"form-value\">\n        <span class=\"form-label\">Message<\/span>\n        <span class=\"wpcf7-form-control-wrap\" data-name=\"form-message\"><textarea cols=\"40\" rows=\"10\" maxlength=\"2000\" class=\"wpcf7-form-control wpcf7-textarea\" aria-invalid=\"false\" name=\"form-message\"><\/textarea><\/span>\n      <\/div>\n      <button class=\"btn-background btn-small\" type=\"submit\">\n        <span class=\"btn-text\"><span>Envoyer<\/span><span>Envoyer<\/span><\/span>\n        <span class=\"btn-icon text-arrow\"><\/span>\n      <\/button>\n      <a class=\"prev-step btn btn-simple\">\n        <span class=\"btn-text\"><span>Retour<\/span><span>Retour<\/span><\/span>\n      <\/a>\n    <\/div>\n  <\/div>\n\n  \n  <!-- step 4 -->\n  <div class=\"fs-tab-content tab-index-rel\" data-tab-id=\"form-step-final\">\n    <div class=\"form-step-inner fs-tab-content-inner\">\n      <div class=\"alert-success alert-big\">\n        <span class=\"h4\">Merci pour votre message.<\/span>\n        <span class=\"h6\">Nous vous contacterons d\u00e8s que possible.<\/span>\n      <\/div>\n    <\/div>\n  <\/div>\n           \n<\/div><div class=\"wpcf7-response-output\" aria-hidden=\"true\"><\/div>\n<input type=\"hidden\" name=\"trp-form-language\" value=\"fr\"\/><\/form>\n<\/div>\n        <\/div>\n\n    <\/div>\n\n<\/section>","protected":false},"excerpt":{"rendered":"","protected":false},"author":1,"featured_media":0,"parent":0,"menu_order":0,"comment_status":"closed","ping_status":"closed","template":"","meta":{"footnotes":""},"class_list":["post-241","page","type-page","status-publish","hentry"],"acf":[],"_links":{"self":[{"href":"http:\/\/jost.pro\/fr\/wp-json\/wp\/v2\/pages\/241","targetHints":{"allow":["GET"]}}],"collection":[{"href":"http:\/\/jost.pro\/fr\/wp-json\/wp\/v2\/pages"}],"about":[{"href":"http:\/\/jost.pro\/fr\/wp-json\/wp\/v2\/types\/page"}],"author":[{"embeddable":true,"href":"http:\/\/jost.pro\/fr\/wp-json\/wp\/v2\/users\/1"}],"replies":[{"embeddable":true,"href":"http:\/\/jost.pro\/fr\/wp-json\/wp\/v2\/comments?post=241"}],"version-history":[{"count":18,"href":"http:\/\/jost.pro\/fr\/wp-json\/wp\/v2\/pages\/241\/revisions"}],"predecessor-version":[{"id":332,"href":"http:\/\/jost.pro\/fr\/wp-json\/wp\/v2\/pages\/241\/revisions\/332"}],"wp:attachment":[{"href":"http:\/\/jost.pro\/fr\/wp-json\/wp\/v2\/media?parent=241"}],"curies":[{"name":"wp","href":"https:\/\/api.w.org\/{rel}","templated":true}]}}