{"id":116,"date":"2024-07-19T16:20:21","date_gmt":"2024-07-19T14:20:21","guid":{"rendered":"http:\/\/jost.pro\/?page_id=116"},"modified":"2024-09-11T14:20:40","modified_gmt":"2024-09-11T12:20:40","slug":"impressum","status":"publish","type":"page","link":"https:\/\/jost.pro\/fr\/impressum\/","title":{"rendered":"Mentions l\u00e9gales"},"content":{"rendered":"<section class=\"hero-section section\">\n\n    <div class=\"section-inner page-title\">\n\n        <div class=\"wrapper-small\">\n\n            <div class=\"grid-row spaced-xlarge vertical-bottom-align\">\n\n                                    <div class=\"col-12\">\n                        <h1 class=\"h2 pagetitle\"><strong>Mentions l\u00e9gales<\/strong><\/h1>                                            <\/div>\n                                \n            <\/div>\n\n        <\/div>\n\n\n\n        \n    <\/div>\n\n<\/section>\n\n\n\n\n<section class=\"text-media-section section\">\n\n    <div class=\"section-inner\">\n\n        <div class=\"wrapper-small\">\n\n            <div class=\"grid-row spaced-xlarge\">\n\n                <div class=\"col-12\">\n                    \n                    \n    <h5><strong>Responsable des pages et du contenu de ce site Internet :<\/strong><\/h5>\n<p>Bernd Jost<br \/>\n34 Avenue Gordon Smith<br \/>\nL-7740 Colmar-Berg<\/p>\n<p>E-Mail: info[a]jost.pro<\/p>\n<h5 class=\"wp-block-heading\"><strong>Webhosting \/ Datacenter<\/strong><\/h5>\n<p><strong>Ionos<br \/>\n<\/strong><span class=\"BxUVEf ILfuVd\" lang=\"de\"><span class=\"hgKElc\">Elgendorfer Str. 57,<br \/>\n<\/span><\/span><span class=\"BxUVEf ILfuVd\" lang=\"de\"><span class=\"hgKElc\"> 56410 Montabaur<br \/>\n<\/span><\/span>Deutschland<\/p>\n<h5><strong>Copyright<\/strong><\/h5>\n<p>Tous les contenus de ce site web (donn\u00e9es, illustrations, images, graphiques, logos, descriptions de produits, etc.) sont prot\u00e9g\u00e9s par des droits d'auteur. Tous les noms de soci\u00e9t\u00e9s et de marques indiqu\u00e9s, ainsi que leurs marques d\u00e9pos\u00e9es, sont la propri\u00e9t\u00e9 de leurs propri\u00e9taires et servent uniquement \u00e0 l'identification et \u00e0 la description des produits.<\/p>\n<h5><strong>Avis de responsabilit\u00e9<\/strong><\/h5>\n<p>Toutes les informations contenues dans ce site ont fait l'objet de recherches approfondies. Toutefois, l'\u00e9diteur n'est pas responsable de l'exactitude des informations mentionn\u00e9es. Malgr\u00e9 un contr\u00f4le minutieux du contenu, nous n'assumons aucune responsabilit\u00e9 pour le contenu des liens externes. Seuls les exploitants de ces sites sont responsables de leur contenu. Si vous remarquez des erreurs ou des informations erron\u00e9es sur ce site, veuillez nous en faire part par \u00e9crit.<\/p>\n                    <\/div>\n\n                                \n            <\/div>\n\n        <\/div>\n\n    <\/div>\n\n<\/section>","protected":false},"excerpt":{"rendered":"","protected":false},"author":1,"featured_media":0,"parent":0,"menu_order":0,"comment_status":"closed","ping_status":"closed","template":"","meta":{"footnotes":""},"class_list":["post-116","page","type-page","status-publish","hentry"],"acf":[],"_links":{"self":[{"href":"https:\/\/jost.pro\/fr\/wp-json\/wp\/v2\/pages\/116","targetHints":{"allow":["GET"]}}],"collection":[{"href":"https:\/\/jost.pro\/fr\/wp-json\/wp\/v2\/pages"}],"about":[{"href":"https:\/\/jost.pro\/fr\/wp-json\/wp\/v2\/types\/page"}],"author":[{"embeddable":true,"href":"https:\/\/jost.pro\/fr\/wp-json\/wp\/v2\/users\/1"}],"replies":[{"embeddable":true,"href":"https:\/\/jost.pro\/fr\/wp-json\/wp\/v2\/comments?post=116"}],"version-history":[{"count":6,"href":"https:\/\/jost.pro\/fr\/wp-json\/wp\/v2\/pages\/116\/revisions"}],"predecessor-version":[{"id":371,"href":"https:\/\/jost.pro\/fr\/wp-json\/wp\/v2\/pages\/116\/revisions\/371"}],"wp:attachment":[{"href":"https:\/\/jost.pro\/fr\/wp-json\/wp\/v2\/media?parent=116"}],"curies":[{"name":"wp","href":"https:\/\/api.w.org\/{rel}","templated":true}]}}